{"id":236,"date":"2021-01-29T18:07:16","date_gmt":"2021-01-29T18:07:16","guid":{"rendered":"https:\/\/mindfulnesscuantico.es\/?page_id=236"},"modified":"2022-03-22T10:27:45","modified_gmt":"2022-03-22T10:27:45","slug":"about","status":"publish","type":"page","link":"https:\/\/mindfulnesscuantico.es\/?page_id=236","title":{"rendered":"About"},"content":{"rendered":"\t\t<div data-elementor-type=\"wp-page\" data-elementor-id=\"236\" class=\"elementor elementor-236\">\n\t\t\t\t\t\t<section class=\"elementor-section elementor-top-section elementor-element elementor-element-85eb86d elementor-section-boxed elementor-section-height-default elementor-section-height-default\" data-id=\"85eb86d\" data-element_type=\"section\" data-e-type=\"section\" data-settings=\"{&quot;background_background&quot;:&quot;classic&quot;}\">\n\t\t\t\t\t\t<div class=\"elementor-container elementor-column-gap-no\">\n\t\t\t\t\t<div class=\"elementor-column elementor-col-100 elementor-top-column elementor-element elementor-element-16b5116\" data-id=\"16b5116\" data-element_type=\"column\" data-e-type=\"column\">\n\t\t\t<div class=\"elementor-widget-wrap elementor-element-populated\">\n\t\t\t\t\t\t<div class=\"elementor-element elementor-element-c0a99ea elementor-widget elementor-widget-heading\" data-id=\"c0a99ea\" data-element_type=\"widget\" data-e-type=\"widget\" data-widget_type=\"heading.default\">\n\t\t\t\t<div class=\"elementor-widget-container\">\n\t\t\t\t\t<h1 class=\"elementor-heading-title elementor-size-default\">Sobre nosotros<\/h1>\t\t\t\t<\/div>\n\t\t\t\t<\/div>\n\t\t\t\t\t<\/div>\n\t\t<\/div>\n\t\t\t\t\t<\/div>\n\t\t<\/section>\n\t\t\t\t<section class=\"elementor-section elementor-top-section elementor-element elementor-element-9cf7197 elementor-section-height-min-height elementor-section-boxed elementor-section-height-default elementor-section-items-middle\" data-id=\"9cf7197\" data-element_type=\"section\" data-e-type=\"section\">\n\t\t\t\t\t\t\t<div class=\"elementor-background-overlay\"><\/div>\n\t\t\t\t\t\t\t<div class=\"elementor-container elementor-column-gap-no\">\n\t\t\t\t\t<div class=\"elementor-column elementor-col-50 elementor-top-column elementor-element elementor-element-9040626\" data-id=\"9040626\" data-element_type=\"column\" data-e-type=\"column\" data-settings=\"{&quot;background_background&quot;:&quot;classic&quot;}\">\n\t\t\t<div class=\"elementor-widget-wrap elementor-element-populated\">\n\t\t\t\t\t<div class=\"elementor-background-overlay\"><\/div>\n\t\t\t\t\t\t<div class=\"elementor-element elementor-element-a466fa4 elementor-widget elementor-widget-heading\" data-id=\"a466fa4\" data-element_type=\"widget\" data-e-type=\"widget\" data-widget_type=\"heading.default\">\n\t\t\t\t<div class=\"elementor-widget-container\">\n\t\t\t\t\t<h3 class=\"elementor-heading-title elementor-size-default\">Profesores de los cursos <\/h3>\t\t\t\t<\/div>\n\t\t\t\t<\/div>\n\t\t\t\t<div class=\"elementor-element elementor-element-c17b1ea elementor-widget-divider--view-line elementor-widget elementor-widget-divider\" data-id=\"c17b1ea\" data-element_type=\"widget\" data-e-type=\"widget\" data-widget_type=\"divider.default\">\n\t\t\t\t<div class=\"elementor-widget-container\">\n\t\t\t\t\t\t\t<div class=\"elementor-divider\">\n\t\t\t<span class=\"elementor-divider-separator\">\n\t\t\t\t\t\t<\/span>\n\t\t<\/div>\n\t\t\t\t\t\t<\/div>\n\t\t\t\t<\/div>\n\t\t\t\t<div class=\"elementor-element elementor-element-7a79b0e elementor-widget elementor-widget-text-editor\" data-id=\"7a79b0e\" data-element_type=\"widget\" data-e-type=\"widget\" data-widget_type=\"text-editor.default\">\n\t\t\t\t<div class=\"elementor-widget-container\">\n\t\t\t\t\t\t\t\t\t<p>Estos cursos han surgido de la necesidad hoy m\u00e1s que nunca de enfrentarnos a las situaciones tan complicadas que estamos viviendo en el mundo actual. En estos cursos eminentemente pr\u00e1cticos, te ense\u00f1aremos ejercicios que podr\u00e1s utilizar en tu d\u00eda a d\u00eda, para poder controlar tus emociones y ayudar en la medida en la que podamos a crear un mundo mejor. <\/p><p>Todos hemos trabajado en empresas privadas o p\u00fablicas durante m\u00e1s de 20 a\u00f1os y ahora nos dedicamos con exclusividad a difundir el conocimiento ancestral Oriental en Occidente. Aqu\u00ed tienes un peque\u00f1o resumen sobre los profesores que damos los cursos:<\/p>\t\t\t\t\t\t\t\t<\/div>\n\t\t\t\t<\/div>\n\t\t\t\t<div class=\"elementor-element elementor-element-ab3bcaa elementor-widget elementor-widget-text-editor\" data-id=\"ab3bcaa\" data-element_type=\"widget\" data-e-type=\"widget\" data-widget_type=\"text-editor.default\">\n\t\t\t\t<div class=\"elementor-widget-container\">\n\t\t\t\t\t\t\t\t\t<h5>Manuel Amaro<\/h5><ul><li>Licenciado en Ciencias Empresariales<\/li><li>Diplomado en Medicina Tradicional China \u2013 Fundaci\u00f3n Europea de MTC<\/li><li>Iridolog\u00eda \u2013 Centro de Iridolog\u00eda y Medicina Natural<\/li><li><p>Maestro de Reiki Usui Ryoho y de Unlimited Reiki<\/p><\/li><li><p>Natur\u00f3pata<\/p><\/li><li><p>Formado en Kinesiolog\u00eda Hol\u00edstica y Aplicada<\/p><\/li><li><p>Formado en Biodescodificaci\u00f3n<\/p><\/li><li><p>Formado en terapia de Par Biomagn\u00e9tico<\/p><\/li><li><p>Reflexolog\u00eda Podal y Masaje Metam\u00f3rfico<\/p><\/li><li><p>Conocimientos de Shiatsu<\/p><\/li><li><p>Practicante de Artes Marciales (Karate, Judo, Tai Chi)<\/p><\/li><li><p>Instructor de Qi Qong<\/p><\/li><li><p>Diplomado en Manopuntura Coreana (M\u00e9todo Kensho)<\/p><\/li><\/ul><h5>Tom\u00e1s Ben\u00edtez<\/h5><ul><li>Fundador y Director del M\u00e9todo Kensho de Microacupuntura<\/li><li>Licenciado y Profesor en Medicina Tradicional China \u2013 Fundaci\u00f3n Europea de MTC<\/li><li>Instructor de Chi-Kung (alumno directo de Wong Kiew Kit)<\/li><li>Experto en Feng Shui<\/li><li>Practicante de Artes Marciales (Karate)<\/li><li>Experto en plantas medicinales Chinas<\/li><li>Licenciado en Manopuntura Coreana<\/li><li>Formado en Biodescodificaci\u00f3n<\/li><\/ul><h5>Jos\u00e9 Ram\u00f3n Mora<\/h5><ul><li>Licenciado con Grado Cum Laude en Ciencias F\u00edsicas por la Universidad de Salamanca<\/li><li>Kriyaban, practicante de Kriya Yoga, disciplina incluida en el sendero del Raja Yoga, por la organizaci\u00f3n de Yoga a nivel mundial Self Realization Fellowship<\/li><li>Maestro Reiki<\/li><li>Formado en Biodescodificaci\u00f3n y Bioenerg\u00e9tica<\/li><\/ul>\t\t\t\t\t\t\t\t<\/div>\n\t\t\t\t<\/div>\n\t\t\t\t\t<\/div>\n\t\t<\/div>\n\t\t\t\t<div class=\"elementor-column elementor-col-50 elementor-top-column elementor-element elementor-element-aa618d9\" data-id=\"aa618d9\" data-element_type=\"column\" data-e-type=\"column\">\n\t\t\t<div class=\"elementor-widget-wrap elementor-element-populated\">\n\t\t\t\t\t\t<div class=\"elementor-element elementor-element-6c0e088 elementor-widget elementor-widget-image\" data-id=\"6c0e088\" data-element_type=\"widget\" data-e-type=\"widget\" data-widget_type=\"image.default\">\n\t\t\t\t<div class=\"elementor-widget-container\">\n\t\t\t\t\t\t\t\t\t\t\t\t\t\t\t<img fetchpriority=\"high\" decoding=\"async\" width=\"606\" height=\"380\" src=\"https:\/\/mindfulnesscuantico.es\/wp-content\/uploads\/2022\/03\/Instructores-aerosol.jpg\" class=\"attachment-large size-large wp-image-742\" alt=\"\" srcset=\"https:\/\/mindfulnesscuantico.es\/wp-content\/uploads\/2022\/03\/Instructores-aerosol.jpg 606w, https:\/\/mindfulnesscuantico.es\/wp-content\/uploads\/2022\/03\/Instructores-aerosol-300x188.jpg 300w\" sizes=\"(max-width: 606px) 100vw, 606px\" \/>\t\t\t\t\t\t\t\t\t\t\t\t\t\t\t<\/div>\n\t\t\t\t<\/div>\n\t\t\t\t\t<\/div>\n\t\t<\/div>\n\t\t\t\t\t<\/div>\n\t\t<\/section>\n\t\t\t\t<\/div>\n\t\t","protected":false},"excerpt":{"rendered":"<p>Sobre nosotros Profesores de los cursos Estos cursos han surgido de la necesidad hoy m\u00e1s que nunca de enfrentarnos a las situaciones tan complicadas que estamos viviendo en el mundo actual. En estos cursos eminentemente pr\u00e1cticos, te ense\u00f1aremos ejercicios que podr\u00e1s utilizar en tu d\u00eda a d\u00eda, para poder controlar tus emociones y ayudar en &hellip;<\/p>\n<p class=\"read-more\"> <a class=\"\" href=\"https:\/\/mindfulnesscuantico.es\/?page_id=236\"> <span class=\"screen-reader-text\">About<\/span> Leer m\u00e1s &raquo;<\/a><\/p>\n","protected":false},"author":1,"featured_media":0,"parent":0,"menu_order":0,"comment_status":"closed","ping_status":"closed","template":"","meta":{"site-sidebar-layout":"no-sidebar","site-content-layout":"page-builder","ast-main-header-display":"","ast-hfb-above-header-display":"","ast-hfb-below-header-display":"","ast-hfb-mobile-header-display":"","site-post-title":"disabled","ast-breadcrumbs-content":"disabled","ast-featured-img":"disabled","footer-sml-layout":"","theme-transparent-header-meta":"enabled","adv-header-id-meta":"","stick-header-meta":"","header-above-stick-meta":"","header-main-stick-meta":"","header-below-stick-meta":"","footnotes":""},"class_list":["post-236","page","type-page","status-publish","hentry"],"yoast_head":"<!-- This site is optimized with the Yoast SEO plugin v27.6 - https:\/\/yoast.com\/product\/yoast-seo-wordpress\/ -->\n<title>About - Mindfulness Cu\u00e1ntico<\/title>\n<meta name=\"robots\" content=\"index, follow, max-snippet:-1, max-image-preview:large, max-video-preview:-1\" \/>\n<link rel=\"canonical\" href=\"https:\/\/mindfulnesscuantico.es\/?page_id=236\" \/>\n<meta property=\"og:locale\" content=\"es_ES\" \/>\n<meta property=\"og:type\" content=\"article\" \/>\n<meta property=\"og:title\" content=\"About - Mindfulness Cu\u00e1ntico\" \/>\n<meta property=\"og:description\" content=\"Sobre nosotros Profesores de los cursos Estos cursos han surgido de la necesidad hoy m\u00e1s que nunca de enfrentarnos a las situaciones tan complicadas que estamos viviendo en el mundo actual. En estos cursos eminentemente pr\u00e1cticos, te ense\u00f1aremos ejercicios que podr\u00e1s utilizar en tu d\u00eda a d\u00eda, para poder controlar tus emociones y ayudar en &hellip; About Leer m\u00e1s &raquo;\" \/>\n<meta property=\"og:url\" content=\"https:\/\/mindfulnesscuantico.es\/?page_id=236\" \/>\n<meta property=\"og:site_name\" content=\"Mindfulness Cu\u00e1ntico\" \/>\n<meta property=\"article:publisher\" content=\"https:\/\/www.facebook.com\/Mindfulnesscuantico-113014493584606\" \/>\n<meta property=\"article:modified_time\" content=\"2022-03-22T10:27:45+00:00\" \/>\n<meta property=\"og:image\" content=\"https:\/\/mindfulnesscuantico.es\/wp-content\/uploads\/2022\/03\/Instructores-aerosol.jpg\" \/>\n<meta name=\"twitter:card\" content=\"summary_large_image\" \/>\n<meta name=\"twitter:label1\" content=\"Tiempo de lectura\" \/>\n\t<meta name=\"twitter:data1\" content=\"2 minutos\" \/>\n<script type=\"application\/ld+json\" class=\"yoast-schema-graph\">{\"@context\":\"https:\\\/\\\/schema.org\",\"@graph\":[{\"@type\":\"WebPage\",\"@id\":\"https:\\\/\\\/mindfulnesscuantico.es\\\/?page_id=236\",\"url\":\"https:\\\/\\\/mindfulnesscuantico.es\\\/?page_id=236\",\"name\":\"About - Mindfulness Cu\u00e1ntico\",\"isPartOf\":{\"@id\":\"https:\\\/\\\/mindfulnesscuantico.es\\\/#website\"},\"primaryImageOfPage\":{\"@id\":\"https:\\\/\\\/mindfulnesscuantico.es\\\/?page_id=236#primaryimage\"},\"image\":{\"@id\":\"https:\\\/\\\/mindfulnesscuantico.es\\\/?page_id=236#primaryimage\"},\"thumbnailUrl\":\"https:\\\/\\\/mindfulnesscuantico.es\\\/wp-content\\\/uploads\\\/2022\\\/03\\\/Instructores-aerosol.jpg\",\"datePublished\":\"2021-01-29T18:07:16+00:00\",\"dateModified\":\"2022-03-22T10:27:45+00:00\",\"breadcrumb\":{\"@id\":\"https:\\\/\\\/mindfulnesscuantico.es\\\/?page_id=236#breadcrumb\"},\"inLanguage\":\"es\",\"potentialAction\":[{\"@type\":\"ReadAction\",\"target\":[\"https:\\\/\\\/mindfulnesscuantico.es\\\/?page_id=236\"]}]},{\"@type\":\"ImageObject\",\"inLanguage\":\"es\",\"@id\":\"https:\\\/\\\/mindfulnesscuantico.es\\\/?page_id=236#primaryimage\",\"url\":\"https:\\\/\\\/mindfulnesscuantico.es\\\/wp-content\\\/uploads\\\/2022\\\/03\\\/Instructores-aerosol.jpg\",\"contentUrl\":\"https:\\\/\\\/mindfulnesscuantico.es\\\/wp-content\\\/uploads\\\/2022\\\/03\\\/Instructores-aerosol.jpg\",\"width\":606,\"height\":380},{\"@type\":\"BreadcrumbList\",\"@id\":\"https:\\\/\\\/mindfulnesscuantico.es\\\/?page_id=236#breadcrumb\",\"itemListElement\":[{\"@type\":\"ListItem\",\"position\":1,\"name\":\"Portada\",\"item\":\"https:\\\/\\\/mindfulnesscuantico.es\\\/\"},{\"@type\":\"ListItem\",\"position\":2,\"name\":\"About\"}]},{\"@type\":\"WebSite\",\"@id\":\"https:\\\/\\\/mindfulnesscuantico.es\\\/#website\",\"url\":\"https:\\\/\\\/mindfulnesscuantico.es\\\/\",\"name\":\"Mindfulness Cu\u00e1ntico\",\"description\":\"Cursos de mindfulness, meditaci\u00f3n, gesti\u00f3n emocional, acercamiento a la f\u00edsica cu\u00e1ntica y con ejercicios pr\u00e1cticos de gesti\u00f3n emocional\",\"publisher\":{\"@id\":\"https:\\\/\\\/mindfulnesscuantico.es\\\/#organization\"},\"potentialAction\":[{\"@type\":\"SearchAction\",\"target\":{\"@type\":\"EntryPoint\",\"urlTemplate\":\"https:\\\/\\\/mindfulnesscuantico.es\\\/?s={search_term_string}\"},\"query-input\":{\"@type\":\"PropertyValueSpecification\",\"valueRequired\":true,\"valueName\":\"search_term_string\"}}],\"inLanguage\":\"es\"},{\"@type\":\"Organization\",\"@id\":\"https:\\\/\\\/mindfulnesscuantico.es\\\/#organization\",\"name\":\"Mindfulness Cu\u00e1ntico\",\"url\":\"https:\\\/\\\/mindfulnesscuantico.es\\\/\",\"logo\":{\"@type\":\"ImageObject\",\"inLanguage\":\"es\",\"@id\":\"https:\\\/\\\/mindfulnesscuantico.es\\\/#\\\/schema\\\/logo\\\/image\\\/\",\"url\":\"https:\\\/\\\/mindfulnesscuantico.es\\\/wp-content\\\/uploads\\\/2022\\\/03\\\/logo-MC.png\",\"contentUrl\":\"https:\\\/\\\/mindfulnesscuantico.es\\\/wp-content\\\/uploads\\\/2022\\\/03\\\/logo-MC.png\",\"width\":316,\"height\":319,\"caption\":\"Mindfulness Cu\u00e1ntico\"},\"image\":{\"@id\":\"https:\\\/\\\/mindfulnesscuantico.es\\\/#\\\/schema\\\/logo\\\/image\\\/\"},\"sameAs\":[\"https:\\\/\\\/www.facebook.com\\\/Mindfulnesscuantico-113014493584606\",\"https:\\\/\\\/www.instagram.com\\\/mindfulnesscuantico\\\/\",\"https:\\\/\\\/www.linkedin.com\\\/in\\\/jose-ramon-mora-2644b04\\\/\",\"https:\\\/\\\/www.youtube.com\\\/channel\\\/UCdcM0UdQb-SdxKmHmrVcHxQ\"]}]}<\/script>\n<!-- \/ Yoast SEO plugin. -->","yoast_head_json":{"title":"About - Mindfulness Cu\u00e1ntico","robots":{"index":"index","follow":"follow","max-snippet":"max-snippet:-1","max-image-preview":"max-image-preview:large","max-video-preview":"max-video-preview:-1"},"canonical":"https:\/\/mindfulnesscuantico.es\/?page_id=236","og_locale":"es_ES","og_type":"article","og_title":"About - Mindfulness Cu\u00e1ntico","og_description":"Sobre nosotros Profesores de los cursos Estos cursos han surgido de la necesidad hoy m\u00e1s que nunca de enfrentarnos a las situaciones tan complicadas que estamos viviendo en el mundo actual. En estos cursos eminentemente pr\u00e1cticos, te ense\u00f1aremos ejercicios que podr\u00e1s utilizar en tu d\u00eda a d\u00eda, para poder controlar tus emociones y ayudar en &hellip; About Leer m\u00e1s &raquo;","og_url":"https:\/\/mindfulnesscuantico.es\/?page_id=236","og_site_name":"Mindfulness Cu\u00e1ntico","article_publisher":"https:\/\/www.facebook.com\/Mindfulnesscuantico-113014493584606","article_modified_time":"2022-03-22T10:27:45+00:00","og_image":[{"url":"https:\/\/mindfulnesscuantico.es\/wp-content\/uploads\/2022\/03\/Instructores-aerosol.jpg","type":"","width":"","height":""}],"twitter_card":"summary_large_image","twitter_misc":{"Tiempo de lectura":"2 minutos"},"schema":{"@context":"https:\/\/schema.org","@graph":[{"@type":"WebPage","@id":"https:\/\/mindfulnesscuantico.es\/?page_id=236","url":"https:\/\/mindfulnesscuantico.es\/?page_id=236","name":"About - Mindfulness Cu\u00e1ntico","isPartOf":{"@id":"https:\/\/mindfulnesscuantico.es\/#website"},"primaryImageOfPage":{"@id":"https:\/\/mindfulnesscuantico.es\/?page_id=236#primaryimage"},"image":{"@id":"https:\/\/mindfulnesscuantico.es\/?page_id=236#primaryimage"},"thumbnailUrl":"https:\/\/mindfulnesscuantico.es\/wp-content\/uploads\/2022\/03\/Instructores-aerosol.jpg","datePublished":"2021-01-29T18:07:16+00:00","dateModified":"2022-03-22T10:27:45+00:00","breadcrumb":{"@id":"https:\/\/mindfulnesscuantico.es\/?page_id=236#breadcrumb"},"inLanguage":"es","potentialAction":[{"@type":"ReadAction","target":["https:\/\/mindfulnesscuantico.es\/?page_id=236"]}]},{"@type":"ImageObject","inLanguage":"es","@id":"https:\/\/mindfulnesscuantico.es\/?page_id=236#primaryimage","url":"https:\/\/mindfulnesscuantico.es\/wp-content\/uploads\/2022\/03\/Instructores-aerosol.jpg","contentUrl":"https:\/\/mindfulnesscuantico.es\/wp-content\/uploads\/2022\/03\/Instructores-aerosol.jpg","width":606,"height":380},{"@type":"BreadcrumbList","@id":"https:\/\/mindfulnesscuantico.es\/?page_id=236#breadcrumb","itemListElement":[{"@type":"ListItem","position":1,"name":"Portada","item":"https:\/\/mindfulnesscuantico.es\/"},{"@type":"ListItem","position":2,"name":"About"}]},{"@type":"WebSite","@id":"https:\/\/mindfulnesscuantico.es\/#website","url":"https:\/\/mindfulnesscuantico.es\/","name":"Mindfulness Cu\u00e1ntico","description":"Cursos de mindfulness, meditaci\u00f3n, gesti\u00f3n emocional, acercamiento a la f\u00edsica cu\u00e1ntica y con ejercicios pr\u00e1cticos de gesti\u00f3n emocional","publisher":{"@id":"https:\/\/mindfulnesscuantico.es\/#organization"},"potentialAction":[{"@type":"SearchAction","target":{"@type":"EntryPoint","urlTemplate":"https:\/\/mindfulnesscuantico.es\/?s={search_term_string}"},"query-input":{"@type":"PropertyValueSpecification","valueRequired":true,"valueName":"search_term_string"}}],"inLanguage":"es"},{"@type":"Organization","@id":"https:\/\/mindfulnesscuantico.es\/#organization","name":"Mindfulness Cu\u00e1ntico","url":"https:\/\/mindfulnesscuantico.es\/","logo":{"@type":"ImageObject","inLanguage":"es","@id":"https:\/\/mindfulnesscuantico.es\/#\/schema\/logo\/image\/","url":"https:\/\/mindfulnesscuantico.es\/wp-content\/uploads\/2022\/03\/logo-MC.png","contentUrl":"https:\/\/mindfulnesscuantico.es\/wp-content\/uploads\/2022\/03\/logo-MC.png","width":316,"height":319,"caption":"Mindfulness Cu\u00e1ntico"},"image":{"@id":"https:\/\/mindfulnesscuantico.es\/#\/schema\/logo\/image\/"},"sameAs":["https:\/\/www.facebook.com\/Mindfulnesscuantico-113014493584606","https:\/\/www.instagram.com\/mindfulnesscuantico\/","https:\/\/www.linkedin.com\/in\/jose-ramon-mora-2644b04\/","https:\/\/www.youtube.com\/channel\/UCdcM0UdQb-SdxKmHmrVcHxQ"]}]}},"_links":{"self":[{"href":"https:\/\/mindfulnesscuantico.es\/index.php?rest_route=\/wp\/v2\/pages\/236","targetHints":{"allow":["GET"]}}],"collection":[{"href":"https:\/\/mindfulnesscuantico.es\/index.php?rest_route=\/wp\/v2\/pages"}],"about":[{"href":"https:\/\/mindfulnesscuantico.es\/index.php?rest_route=\/wp\/v2\/types\/page"}],"author":[{"embeddable":true,"href":"https:\/\/mindfulnesscuantico.es\/index.php?rest_route=\/wp\/v2\/users\/1"}],"replies":[{"embeddable":true,"href":"https:\/\/mindfulnesscuantico.es\/index.php?rest_route=%2Fwp%2Fv2%2Fcomments&post=236"}],"version-history":[{"count":40,"href":"https:\/\/mindfulnesscuantico.es\/index.php?rest_route=\/wp\/v2\/pages\/236\/revisions"}],"predecessor-version":[{"id":936,"href":"https:\/\/mindfulnesscuantico.es\/index.php?rest_route=\/wp\/v2\/pages\/236\/revisions\/936"}],"wp:attachment":[{"href":"https:\/\/mindfulnesscuantico.es\/index.php?rest_route=%2Fwp%2Fv2%2Fmedia&parent=236"}],"curies":[{"name":"wp","href":"https:\/\/api.w.org\/{rel}","templated":true}]}}