{"id":781,"date":"2022-03-08T12:35:25","date_gmt":"2022-03-08T12:35:25","guid":{"rendered":"https:\/\/mindfulnesscuantico.es\/?page_id=781"},"modified":"2026-04-30T18:54:36","modified_gmt":"2026-04-30T18:54:36","slug":"elementor-781","status":"publish","type":"page","link":"https:\/\/mindfulnesscuantico.es\/?page_id=781","title":{"rendered":"Contacta con nosotros"},"content":{"rendered":"\t\t<div data-elementor-type=\"wp-page\" data-elementor-id=\"781\" class=\"elementor elementor-781\">\n\t\t\t\t\t\t<section class=\"elementor-section elementor-top-section elementor-element elementor-element-28e64860 elementor-section-boxed elementor-section-height-default elementor-section-height-default\" data-id=\"28e64860\" data-element_type=\"section\" data-e-type=\"section\">\n\t\t\t\t\t\t<div class=\"elementor-container elementor-column-gap-default\">\n\t\t\t\t\t<div class=\"elementor-column elementor-col-100 elementor-top-column elementor-element elementor-element-57c13938\" data-id=\"57c13938\" data-element_type=\"column\" data-e-type=\"column\">\n\t\t\t<div class=\"elementor-widget-wrap elementor-element-populated\">\n\t\t\t\t\t\t<div class=\"elementor-element elementor-element-505c055f elementor-widget elementor-widget-text-editor\" data-id=\"505c055f\" data-element_type=\"widget\" data-e-type=\"widget\" data-widget_type=\"text-editor.default\">\n\t\t\t\t<div class=\"elementor-widget-container\">\n\t\t\t\t\t\t\t\t\t<div class=\"wp-block-cover alignfull\">\n<div class=\"wp-block-cover__inner-container\">\n<p><\/p>\n<div class=\"wp-block-columns alignwide are-vertically-aligned-center is-layout-flex wp-container-core-columns-is-layout-9d6595d7 wp-block-columns-is-layout-flex\">\n<p><\/p>\n<div class=\"wp-block-column is-vertically-aligned-center is-layout-flow wp-block-column-is-layout-flow\">\n<p><\/p>\n<h1 class=\"has-ast-global-color-2-color has-text-color wp-block-heading\">Contacta con&nbsp;nosotros<\/h1>\n<p><\/p>\n<\/div>\n<p><\/p>\n<div class=\"wp-block-column is-vertically-aligned-center is-layout-flow wp-block-column-is-layout-flow\">\n<p><\/p>\n<hr class=\"wp-block-separator has-text-color has-background has-ast-global-color-0-background-color has-ast-global-color-0-color is-style-wide\">\n<p><\/p>\n<p class=\"has-text-align-right has-ast-global-color-3-color has-text-color\">Si tienes cualquier duda o necesitas m\u00e1s informaci\u00f3n no dudes en contactar con nosotros<\/p>\n<p><\/p>\n<\/div>\n<p><\/p>\n<\/div>\n<p><\/p>\n<\/div>\n<\/div>\n<p><!-- \/wp:cover --><!-- wp:group {\"align\":\"full\",\"backgroundColor\":\"ast-global-color-4\",\"layout\":{\"inherit\":true}} --><\/p>\n<div class=\"wp-block-group alignfull has-ast-global-color-4-background-color has-background\"><div class=\"wp-block-group__inner-container\">\n<p><!-- wp:columns {\"align\":\"wide\"} --><\/p>\n<div class=\"wp-block-columns alignwide\">\n<p><!-- wp:column {\"verticalAlignment\":\"center\",\"width\":\"33.33%\"} --><\/p>\n<div class=\"wp-block-column is-vertically-aligned-center\" style=\"flex-basis: 33.33%;\">\n<p><!-- wp:group {\"backgroundColor\":\"ast-global-color-0\",\"layout\":{\"inherit\":true}} --><\/p>\n<div class=\"wp-block-group has-ast-global-color-0-background-color has-background\">\n<p><!-- wp:heading {\"level\":3,\"style\":{\"color\":{\"text\":\"#ffffff\"}}} --><\/p>\n<h3 class=\"has-text-color\" style=\"color: #ffffff;\">Hola, nos encantar\u00eda escucharte<\/h3>\n<p><!-- \/wp:heading --><!-- wp:separator {\"customColor\":\"#ffffff\",\"className\":\"is-style-wide\"} --><\/p>\n<hr class=\"wp-block-separator has-text-color has-background is-style-wide\" style=\"background-color: #ffffff; color: #ffffff;\">\n<p><!-- \/wp:separator --><!-- wp:paragraph {\"style\":{\"color\":{\"text\":\"#ffffff\"}}} --><\/p>\n<p class=\"has-text-color\" style=\"color: #ffffff;\">Rellena este formulario de contacto con tus dudas o sugerencias, o contacta a trav\u00e9s del tel\u00e9fono o el email que aparecen debajo de este formulario<\/p>\n<p><!-- \/wp:paragraph --><\/p>\n<\/div>\n<p><!-- \/wp:group --><\/p>\n<\/div>\n<p><!-- \/wp:column --><!-- wp:column {\"verticalAlignment\":\"center\",\"width\":\"66.66%\"} --><\/p>\n<div class=\"wp-block-column is-vertically-aligned-center\" style=\"flex-basis: 66.66%;\">\n<p><!-- wp:group {\"style\":{\"color\":{\"background\":\"#ffffff\"}},\"textColor\":\"\\u002d\\u002dast-global-color-3\",\"layout\":{\"inherit\":true}} --><\/p>\n<div class=\"wp-block-group has-ast-global-color-3-color has-text-color has-background\" style=\"background-color: #ffffff;\">\n<p><!-- wp:shortcode --> <div class=\"wpforms-container \" id=\"wpforms-94\"><form id=\"wpforms-form-94\" class=\"wpforms-validate wpforms-form\" data-formid=\"94\" method=\"post\" enctype=\"multipart\/form-data\" action=\"\/index.php?rest_route=%2Fwp%2Fv2%2Fpages%2F781\" data-token=\"0f7f3b3f6ef35586d5a9db7ebbbad97e\" data-token-time=\"1779004635\"><noscript class=\"wpforms-error-noscript\">Por favor, activa JavaScript en tu navegador para completar este formulario.<\/noscript><div class=\"wpforms-field-container\"><div id=\"wpforms-94-field_1-container\" class=\"wpforms-field wpforms-field-name\" data-field-id=\"1\"><label class=\"wpforms-field-label\">Name <span class=\"wpforms-required-label\">*<\/span><\/label><div class=\"wpforms-field-row wpforms-field-large\"><div class=\"wpforms-field-row-block wpforms-first wpforms-one-half\"><input type=\"text\" id=\"wpforms-94-field_1\" class=\"wpforms-field-name-first wpforms-field-required\" name=\"wpforms[fields][1][first]\" required><label for=\"wpforms-94-field_1\" class=\"wpforms-field-sublabel after\">Nombre<\/label><\/div><div class=\"wpforms-field-row-block wpforms-one-half\"><input type=\"text\" id=\"wpforms-94-field_1-last\" class=\"wpforms-field-name-last wpforms-field-required\" name=\"wpforms[fields][1][last]\" required><label for=\"wpforms-94-field_1-last\" class=\"wpforms-field-sublabel after\">Apellidos<\/label><\/div><\/div><\/div><div id=\"wpforms-94-field_2-container\" class=\"wpforms-field wpforms-field-email\" data-field-id=\"2\"><label class=\"wpforms-field-label\" for=\"wpforms-94-field_2\">Email <span class=\"wpforms-required-label\">*<\/span><\/label><input type=\"email\" id=\"wpforms-94-field_2\" class=\"wpforms-field-large wpforms-field-required\" name=\"wpforms[fields][2]\" spellcheck=\"false\" required><\/div><div id=\"wpforms-94-field_3-container\" class=\"wpforms-field wpforms-field-textarea\" data-field-id=\"3\"><label class=\"wpforms-field-label\" for=\"wpforms-94-field_3\">Message <span class=\"wpforms-required-label\">*<\/span><\/label><textarea id=\"wpforms-94-field_3\" class=\"wpforms-field-medium wpforms-field-required\" name=\"wpforms[fields][3]\" required><\/textarea><\/div><\/div><!-- .wpforms-field-container --><div class=\"wpforms-submit-container\" ><input type=\"hidden\" name=\"wpforms[id]\" value=\"94\"><input type=\"hidden\" name=\"page_title\" value=\"\"><input type=\"hidden\" name=\"page_url\" value=\"https:\/\/mindfulnesscuantico.es\/index.php?rest_route=\/wp\/v2\/pages\/781\"><input type=\"hidden\" name=\"url_referer\" value=\"\"><button type=\"submit\" name=\"wpforms[submit]\" id=\"wpforms-submit-94\" class=\"wpforms-submit\" data-alt-text=\"Enviando...\" data-submit-text=\"Enviar\" aria-live=\"assertive\" value=\"wpforms-submit\">Enviar<\/button><\/div><\/form><\/div>  <!-- .wpforms-container --> <!-- \/wp:shortcode --><!-- wp:paragraph --><\/p>\n<p><!-- \/wp:paragraph --><\/p>\n<\/div>\n<p><!-- \/wp:group --><\/p>\n<\/div>\n<p><!-- \/wp:column --><\/p>\n<\/div>\n<p><!-- \/wp:columns --><\/p>\n<\/div>\n<p><!-- \/wp:group --><!-- wp:group {\"align\":\"full\",\"backgroundColor\":\"ast-global-color-5\",\"layout\":{\"inherit\":true}} --><\/p>\n<div class=\"wp-block-group alignfull has-ast-global-color-5-background-color has-background\">\n<p><!-- wp:columns {\"verticalAlignment\":\"center\"} --><\/p>\n<div class=\"wp-block-columns are-vertically-aligned-center\">\n<p><!-- wp:column {\"verticalAlignment\":\"center\"} --><\/p>\n<div class=\"wp-block-column is-vertically-aligned-center\">\n<p><!-- wp:image {\"align\":\"center\",\"id\":624,\"sizeSlug\":\"large\",\"linkDestination\":\"none\"} --><\/p>\n<div class=\"wp-block-image\">\n<figure class=\"aligncenter size-large\"><img decoding=\"async\" class=\"wp-image-624\" src=\"https:\/\/mindfulnesscuantico.es\/wp-content\/uploads\/2022\/03\/phone.png\" alt=\"\"><\/figure>\n<\/div>\n<p><!-- \/wp:image --><!-- wp:heading {\"textAlign\":\"center\",\"level\":4} --><\/p>\n<h4 class=\"has-text-align-center\">+34 610 55 29 11<\/h4>\n<p><!-- \/wp:heading --><!-- wp:heading {\"textAlign\":\"center\",\"level\":6} --><\/p>\n<h6 class=\"has-text-align-center\">Tel\u00e9fono<\/h6>\n<p><!-- \/wp:heading --><\/p>\n<\/div>\n<p><!-- \/wp:column --><!-- wp:column {\"verticalAlignment\":\"center\"} --><!-- \/wp:column --><!-- wp:column {\"verticalAlignment\":\"center\"} --><\/p>\n<div class=\"wp-block-column is-vertically-aligned-center\">\n<p><!-- wp:image {\"align\":\"center\",\"id\":626,\"sizeSlug\":\"large\",\"linkDestination\":\"none\"} --><\/p>\n<div class=\"wp-block-image\">\n<figure class=\"aligncenter size-large\"><img decoding=\"async\" class=\"wp-image-626\" src=\"https:\/\/mindfulnesscuantico.es\/wp-content\/uploads\/2022\/03\/envelope.png\" alt=\"\"><\/figure>\n<\/div>\n<p><!-- \/wp:image --><!-- wp:heading {\"textAlign\":\"center\",\"level\":4} --><\/p>\n<h4 class=\"has-text-align-center\">info@mindfulnesscuantico.es<\/h4>\n<p><!-- \/wp:heading --><!-- wp:heading {\"textAlign\":\"center\",\"level\":6} --><\/p>\n<h6 class=\"has-text-align-center\">Email<\/h6>\n<p><!-- \/wp:heading --><\/p>\n<\/div>\n<p><!-- \/wp:column --><\/p>\n<\/div>\n<p><!-- \/wp:columns --><\/p>\n<\/div>\n<p><!-- \/wp:group --><\/p>\t\t\t\t\t\t\t\t<\/div>\n\t\t\t\t<\/div>\n\t\t\t\t\t<\/div>\n\t\t<\/div>\n\t\t\t\t\t<\/div><\/div>\n\t\t<\/section>\n\t\t\t\t<\/div>\n\t\t","protected":false},"excerpt":{"rendered":"<p>Contacta con&nbsp;nosotros Si tienes cualquier duda o necesitas m\u00e1s informaci\u00f3n no dudes en contactar con nosotros Hola, nos encantar\u00eda escucharte Rellena este formulario de contacto con tus dudas o sugerencias, o contacta a trav\u00e9s del tel\u00e9fono o el email que aparecen debajo de este formulario +34 610 55 29 11 Tel\u00e9fono info@mindfulnesscuantico.es Email<\/p>\n","protected":false},"author":1,"featured_media":0,"parent":0,"menu_order":0,"comment_status":"closed","ping_status":"closed","template":"","meta":{"site-sidebar-layout":"default","site-content-layout":"default","ast-main-header-display":"","ast-hfb-above-header-display":"","ast-hfb-below-header-display":"","ast-hfb-mobile-header-display":"","site-post-title":"","ast-breadcrumbs-content":"","ast-featured-img":"","footer-sml-layout":"","theme-transparent-header-meta":"","adv-header-id-meta":"","stick-header-meta":"","header-above-stick-meta":"","header-main-stick-meta":"","header-below-stick-meta":"","footnotes":""},"class_list":["post-781","page","type-page","status-publish","hentry"],"yoast_head":"<!-- This site is optimized with the Yoast SEO plugin v27.6 - https:\/\/yoast.com\/product\/yoast-seo-wordpress\/ -->\n<title>Contacta con nosotros - Mindfulness Cu\u00e1ntico<\/title>\n<meta name=\"robots\" content=\"index, follow, max-snippet:-1, max-image-preview:large, max-video-preview:-1\" \/>\n<link rel=\"canonical\" href=\"https:\/\/mindfulnesscuantico.es\/?page_id=781\" \/>\n<meta property=\"og:locale\" content=\"es_ES\" \/>\n<meta property=\"og:type\" content=\"article\" \/>\n<meta property=\"og:title\" content=\"Contacta con nosotros - Mindfulness Cu\u00e1ntico\" \/>\n<meta property=\"og:description\" content=\"Contacta con&nbsp;nosotros Si tienes cualquier duda o necesitas m\u00e1s informaci\u00f3n no dudes en contactar con nosotros Hola, nos encantar\u00eda escucharte Rellena este formulario de contacto con tus dudas o sugerencias, o contacta a trav\u00e9s del tel\u00e9fono o el email que aparecen debajo de este formulario +34 610 55 29 11 Tel\u00e9fono info@mindfulnesscuantico.es Email\" \/>\n<meta property=\"og:url\" content=\"https:\/\/mindfulnesscuantico.es\/?page_id=781\" \/>\n<meta property=\"og:site_name\" content=\"Mindfulness Cu\u00e1ntico\" \/>\n<meta property=\"article:publisher\" content=\"https:\/\/www.facebook.com\/Mindfulnesscuantico-113014493584606\" \/>\n<meta property=\"article:modified_time\" content=\"2026-04-30T18:54:36+00:00\" \/>\n<meta name=\"twitter:card\" content=\"summary_large_image\" \/>\n<meta name=\"twitter:label1\" content=\"Tiempo de lectura\" \/>\n\t<meta name=\"twitter:data1\" content=\"1 minuto\" \/>\n<script type=\"application\/ld+json\" class=\"yoast-schema-graph\">{\"@context\":\"https:\\\/\\\/schema.org\",\"@graph\":[{\"@type\":\"WebPage\",\"@id\":\"https:\\\/\\\/mindfulnesscuantico.es\\\/?page_id=781\",\"url\":\"https:\\\/\\\/mindfulnesscuantico.es\\\/?page_id=781\",\"name\":\"Contacta con nosotros - Mindfulness Cu\u00e1ntico\",\"isPartOf\":{\"@id\":\"https:\\\/\\\/mindfulnesscuantico.es\\\/#website\"},\"primaryImageOfPage\":{\"@id\":\"https:\\\/\\\/mindfulnesscuantico.es\\\/?page_id=781#primaryimage\"},\"image\":{\"@id\":\"https:\\\/\\\/mindfulnesscuantico.es\\\/?page_id=781#primaryimage\"},\"thumbnailUrl\":\"https:\\\/\\\/mindfulnesscuantico.es\\\/wp-content\\\/uploads\\\/2022\\\/03\\\/phone.png\",\"datePublished\":\"2022-03-08T12:35:25+00:00\",\"dateModified\":\"2026-04-30T18:54:36+00:00\",\"breadcrumb\":{\"@id\":\"https:\\\/\\\/mindfulnesscuantico.es\\\/?page_id=781#breadcrumb\"},\"inLanguage\":\"es\",\"potentialAction\":[{\"@type\":\"ReadAction\",\"target\":[\"https:\\\/\\\/mindfulnesscuantico.es\\\/?page_id=781\"]}]},{\"@type\":\"ImageObject\",\"inLanguage\":\"es\",\"@id\":\"https:\\\/\\\/mindfulnesscuantico.es\\\/?page_id=781#primaryimage\",\"url\":\"https:\\\/\\\/mindfulnesscuantico.es\\\/wp-content\\\/uploads\\\/2022\\\/03\\\/phone.png\",\"contentUrl\":\"https:\\\/\\\/mindfulnesscuantico.es\\\/wp-content\\\/uploads\\\/2022\\\/03\\\/phone.png\",\"width\":20,\"height\":20},{\"@type\":\"BreadcrumbList\",\"@id\":\"https:\\\/\\\/mindfulnesscuantico.es\\\/?page_id=781#breadcrumb\",\"itemListElement\":[{\"@type\":\"ListItem\",\"position\":1,\"name\":\"Portada\",\"item\":\"https:\\\/\\\/mindfulnesscuantico.es\\\/\"},{\"@type\":\"ListItem\",\"position\":2,\"name\":\"Contacta con nosotros\"}]},{\"@type\":\"WebSite\",\"@id\":\"https:\\\/\\\/mindfulnesscuantico.es\\\/#website\",\"url\":\"https:\\\/\\\/mindfulnesscuantico.es\\\/\",\"name\":\"Mindfulness Cu\u00e1ntico\",\"description\":\"Cursos de mindfulness, meditaci\u00f3n, gesti\u00f3n emocional, acercamiento a la f\u00edsica cu\u00e1ntica y con ejercicios pr\u00e1cticos de gesti\u00f3n emocional\",\"publisher\":{\"@id\":\"https:\\\/\\\/mindfulnesscuantico.es\\\/#organization\"},\"potentialAction\":[{\"@type\":\"SearchAction\",\"target\":{\"@type\":\"EntryPoint\",\"urlTemplate\":\"https:\\\/\\\/mindfulnesscuantico.es\\\/?s={search_term_string}\"},\"query-input\":{\"@type\":\"PropertyValueSpecification\",\"valueRequired\":true,\"valueName\":\"search_term_string\"}}],\"inLanguage\":\"es\"},{\"@type\":\"Organization\",\"@id\":\"https:\\\/\\\/mindfulnesscuantico.es\\\/#organization\",\"name\":\"Mindfulness Cu\u00e1ntico\",\"url\":\"https:\\\/\\\/mindfulnesscuantico.es\\\/\",\"logo\":{\"@type\":\"ImageObject\",\"inLanguage\":\"es\",\"@id\":\"https:\\\/\\\/mindfulnesscuantico.es\\\/#\\\/schema\\\/logo\\\/image\\\/\",\"url\":\"https:\\\/\\\/mindfulnesscuantico.es\\\/wp-content\\\/uploads\\\/2022\\\/03\\\/logo-MC.png\",\"contentUrl\":\"https:\\\/\\\/mindfulnesscuantico.es\\\/wp-content\\\/uploads\\\/2022\\\/03\\\/logo-MC.png\",\"width\":316,\"height\":319,\"caption\":\"Mindfulness Cu\u00e1ntico\"},\"image\":{\"@id\":\"https:\\\/\\\/mindfulnesscuantico.es\\\/#\\\/schema\\\/logo\\\/image\\\/\"},\"sameAs\":[\"https:\\\/\\\/www.facebook.com\\\/Mindfulnesscuantico-113014493584606\",\"https:\\\/\\\/www.instagram.com\\\/mindfulnesscuantico\\\/\",\"https:\\\/\\\/www.linkedin.com\\\/in\\\/jose-ramon-mora-2644b04\\\/\",\"https:\\\/\\\/www.youtube.com\\\/channel\\\/UCdcM0UdQb-SdxKmHmrVcHxQ\"]}]}<\/script>\n<!-- \/ Yoast SEO plugin. -->","yoast_head_json":{"title":"Contacta con nosotros - Mindfulness Cu\u00e1ntico","robots":{"index":"index","follow":"follow","max-snippet":"max-snippet:-1","max-image-preview":"max-image-preview:large","max-video-preview":"max-video-preview:-1"},"canonical":"https:\/\/mindfulnesscuantico.es\/?page_id=781","og_locale":"es_ES","og_type":"article","og_title":"Contacta con nosotros - Mindfulness Cu\u00e1ntico","og_description":"Contacta con&nbsp;nosotros Si tienes cualquier duda o necesitas m\u00e1s informaci\u00f3n no dudes en contactar con nosotros Hola, nos encantar\u00eda escucharte Rellena este formulario de contacto con tus dudas o sugerencias, o contacta a trav\u00e9s del tel\u00e9fono o el email que aparecen debajo de este formulario +34 610 55 29 11 Tel\u00e9fono info@mindfulnesscuantico.es Email","og_url":"https:\/\/mindfulnesscuantico.es\/?page_id=781","og_site_name":"Mindfulness Cu\u00e1ntico","article_publisher":"https:\/\/www.facebook.com\/Mindfulnesscuantico-113014493584606","article_modified_time":"2026-04-30T18:54:36+00:00","twitter_card":"summary_large_image","twitter_misc":{"Tiempo de lectura":"1 minuto"},"schema":{"@context":"https:\/\/schema.org","@graph":[{"@type":"WebPage","@id":"https:\/\/mindfulnesscuantico.es\/?page_id=781","url":"https:\/\/mindfulnesscuantico.es\/?page_id=781","name":"Contacta con nosotros - Mindfulness Cu\u00e1ntico","isPartOf":{"@id":"https:\/\/mindfulnesscuantico.es\/#website"},"primaryImageOfPage":{"@id":"https:\/\/mindfulnesscuantico.es\/?page_id=781#primaryimage"},"image":{"@id":"https:\/\/mindfulnesscuantico.es\/?page_id=781#primaryimage"},"thumbnailUrl":"https:\/\/mindfulnesscuantico.es\/wp-content\/uploads\/2022\/03\/phone.png","datePublished":"2022-03-08T12:35:25+00:00","dateModified":"2026-04-30T18:54:36+00:00","breadcrumb":{"@id":"https:\/\/mindfulnesscuantico.es\/?page_id=781#breadcrumb"},"inLanguage":"es","potentialAction":[{"@type":"ReadAction","target":["https:\/\/mindfulnesscuantico.es\/?page_id=781"]}]},{"@type":"ImageObject","inLanguage":"es","@id":"https:\/\/mindfulnesscuantico.es\/?page_id=781#primaryimage","url":"https:\/\/mindfulnesscuantico.es\/wp-content\/uploads\/2022\/03\/phone.png","contentUrl":"https:\/\/mindfulnesscuantico.es\/wp-content\/uploads\/2022\/03\/phone.png","width":20,"height":20},{"@type":"BreadcrumbList","@id":"https:\/\/mindfulnesscuantico.es\/?page_id=781#breadcrumb","itemListElement":[{"@type":"ListItem","position":1,"name":"Portada","item":"https:\/\/mindfulnesscuantico.es\/"},{"@type":"ListItem","position":2,"name":"Contacta con nosotros"}]},{"@type":"WebSite","@id":"https:\/\/mindfulnesscuantico.es\/#website","url":"https:\/\/mindfulnesscuantico.es\/","name":"Mindfulness Cu\u00e1ntico","description":"Cursos de mindfulness, meditaci\u00f3n, gesti\u00f3n emocional, acercamiento a la f\u00edsica cu\u00e1ntica y con ejercicios pr\u00e1cticos de gesti\u00f3n emocional","publisher":{"@id":"https:\/\/mindfulnesscuantico.es\/#organization"},"potentialAction":[{"@type":"SearchAction","target":{"@type":"EntryPoint","urlTemplate":"https:\/\/mindfulnesscuantico.es\/?s={search_term_string}"},"query-input":{"@type":"PropertyValueSpecification","valueRequired":true,"valueName":"search_term_string"}}],"inLanguage":"es"},{"@type":"Organization","@id":"https:\/\/mindfulnesscuantico.es\/#organization","name":"Mindfulness Cu\u00e1ntico","url":"https:\/\/mindfulnesscuantico.es\/","logo":{"@type":"ImageObject","inLanguage":"es","@id":"https:\/\/mindfulnesscuantico.es\/#\/schema\/logo\/image\/","url":"https:\/\/mindfulnesscuantico.es\/wp-content\/uploads\/2022\/03\/logo-MC.png","contentUrl":"https:\/\/mindfulnesscuantico.es\/wp-content\/uploads\/2022\/03\/logo-MC.png","width":316,"height":319,"caption":"Mindfulness Cu\u00e1ntico"},"image":{"@id":"https:\/\/mindfulnesscuantico.es\/#\/schema\/logo\/image\/"},"sameAs":["https:\/\/www.facebook.com\/Mindfulnesscuantico-113014493584606","https:\/\/www.instagram.com\/mindfulnesscuantico\/","https:\/\/www.linkedin.com\/in\/jose-ramon-mora-2644b04\/","https:\/\/www.youtube.com\/channel\/UCdcM0UdQb-SdxKmHmrVcHxQ"]}]}},"_links":{"self":[{"href":"https:\/\/mindfulnesscuantico.es\/index.php?rest_route=\/wp\/v2\/pages\/781","targetHints":{"allow":["GET"]}}],"collection":[{"href":"https:\/\/mindfulnesscuantico.es\/index.php?rest_route=\/wp\/v2\/pages"}],"about":[{"href":"https:\/\/mindfulnesscuantico.es\/index.php?rest_route=\/wp\/v2\/types\/page"}],"author":[{"embeddable":true,"href":"https:\/\/mindfulnesscuantico.es\/index.php?rest_route=\/wp\/v2\/users\/1"}],"replies":[{"embeddable":true,"href":"https:\/\/mindfulnesscuantico.es\/index.php?rest_route=%2Fwp%2Fv2%2Fcomments&post=781"}],"version-history":[{"count":45,"href":"https:\/\/mindfulnesscuantico.es\/index.php?rest_route=\/wp\/v2\/pages\/781\/revisions"}],"predecessor-version":[{"id":1011,"href":"https:\/\/mindfulnesscuantico.es\/index.php?rest_route=\/wp\/v2\/pages\/781\/revisions\/1011"}],"wp:attachment":[{"href":"https:\/\/mindfulnesscuantico.es\/index.php?rest_route=%2Fwp%2Fv2%2Fmedia&parent=781"}],"curies":[{"name":"wp","href":"https:\/\/api.w.org\/{rel}","templated":true}]}}